{"id":21611,"date":"2025-02-06T10:00:04","date_gmt":"2025-02-06T10:00:04","guid":{"rendered":"https:\/\/www.vcsobservation.com\/?page_id=21611"},"modified":"2025-02-06T10:00:05","modified_gmt":"2025-02-06T10:00:05","slug":"industry-3","status":"publish","type":"page","link":"https:\/\/www.vcsobservation.com\/en\/sectors\/industry-3\/","title":{"rendered":"Industry"},"content":{"rendered":"<div class=\"wpb-content-wrapper\"><p>[vc_row full_width=&#8221;stretch_row&#8221; kd_image_overlay_color=&#8221;rgba(9,24,42,0.4)&#8221; kd_bottom_separator_style=&#8221;rounded-down&#8221; kd_bottom_separator_height=&#8221;separator-height-medium&#8221; kd_image_overlay=&#8221;true&#8221; kd_bottom_separator=&#8221;true&#8221; css=&#8221;.vc_custom_1723803823149{padding-top: 100px !important;padding-bottom: 100px !important;background-image: url(https:\/\/www.vcsobservation.com\/wp-content\/uploads\/2024\/08\/Banner-hernieuwbare-energie.png?id=20718) !important;background-position: center !important;background-repeat: no-repeat !important;background-size: cover !important;}&#8221; kd_bottom_separator_bg=&#8221;#ffffff&#8221;][vc_column width=&#8221;1\/6&#8243; css=&#8221;.vc_custom_1513003956648{padding-top: 0px !important;}&#8221;][\/vc_column][vc_column width=&#8221;2\/3&#8243;][vc_row_inner][vc_column_inner css=&#8221;.vc_custom_1513004658055{padding-top: 50px !important;padding-left: 0px !important;}&#8221;][vc_custom_heading text=&#8221;Hernieuwbare energie&#8221; font_container=&#8221;tag:h1|text_align:center|color:%23ffffff&#8221; use_theme_fonts=&#8221;yes&#8221;][\/vc_column_inner][\/vc_row_inner][\/vc_column][vc_column width=&#8221;1\/6&#8243;][\/vc_column][\/vc_row][vc_row full_width=&#8221;stretch_row&#8221; css=&#8221;.vc_custom_1631527521837{margin-top: 0px !important;margin-bottom: 30px !important;padding-top: 30px !important;background-position: center !important;background-repeat: no-repeat !important;background-size: cover !important;}&#8221;][vc_column width=&#8221;1\/2&#8243; css=&#8221;.vc_custom_1631527963491{margin-top: 10px !important;margin-bottom: 30px !important;}&#8221;][vc_empty_space]<header class=\"kd-section-title col-lg-12 text-left    \" ><h2 class=\"separator_off\" >Beveilig de energie van de toekomst <\/h2><\/header>[vc_column_text]<\/p>\n<h6>De energietransitie stelt u voor nieuwe beveiligingsvraagstukken. Denk aan (koper)diefstal, inbraak, vandalisme (graffiti) en vernieling op uw zonnepark, windmolens, energieopslagsysteem en\/of laadplein. Of aan brand in uw energieopslag- en batterijsystemen.<\/h6>\n<h6>Voorkom schade en waarborg de continu\u00efteit met innovatieve technologie van VCS. Naar wens kunnen wij u ontzorgen met een complete beveiligingsaanpak.<\/h6>\n<p>[\/vc_column_text][vc_empty_space]<a  href=\"https:\/\/www.vcsobservation.com\/en\/contact-vcs\/\"  target=\"_self\"  title=\"Contact VCS\" class=\"tt_button tt_primary_button btn_primary_color  pull-left button-action-link\" ><span class=\"prim_text\">Kom in contact<\/span><\/a>[\/vc_column][vc_column width=&#8221;1\/2&#8243; css=&#8221;.vc_custom_1631527018135{margin-top: 50px !important;margin-bottom: 50px !important;}&#8221;][vc_single_image image=&#8221;20082&#8243; img_size=&#8221;full&#8221; alignment=&#8221;center&#8221; style=&#8221;vc_box_rounded&#8221;][\/vc_column][\/vc_row][vc_row full_width=&#8221;stretch_row&#8221; css=&#8221;.vc_custom_1631630747391{padding-top: 70px !important;padding-bottom: 100px !important;background-color: #ffffff !important;}&#8221;][vc_column][vc_row_inner][vc_column_inner width=&#8221;1\/4&#8243; offset=&#8221;vc_hidden-xs&#8221;][\/vc_column_inner][vc_column_inner width=&#8221;1\/2&#8243;][vc_empty_space height=&#8221;25px&#8221;]<header class=\"kd-section-title col-lg-12 text-center  kd-animated fadeIn  \" data-animation-delay=200><h2 class=\"separator_off\" >Uitgelichte producten<\/h2><\/header>[\/vc_column_inner][vc_column_inner width=&#8221;1\/4&#8243; offset=&#8221;vc_hidden-xs&#8221;][\/vc_column_inner][\/vc_row_inner][vc_row_inner css=&#8221;.vc_custom_1631630697088{padding-top: 10px !important;}&#8221;][vc_column_inner]\r\n            <div class=\"kd-process-steps process_three_elem process-number-template \">\r\n                <ul>\r\n                <li class=\"pss-item kd-animated fadeIn \"  >\r\n                    <div class=\"pss-container\"><div class=\"pss-step-number\"><span ><\/span><\/div><div class=\"pss-text-area\">\r\n                            <h5 >EnergySecure voor nieuwe energie<\/h5>\r\n                            <p >EnergySecure van VCS verbindt camera\u2019s, meldkamers, alarmsystemen, sensoren en opvolging \u2013 en realiseert een sluitend proces voor uw beveiligingsorganisatie. Wij bieden u \u00e9\u00e9n aanspreekpunt voor de beveiliging van uw duurzame energiesystemen.<\/p><a href=\"https:\/\/www.vcsobservation.com\/sectoren\/energysecure-voor-hernieuwbare-energie\/\" class=\"tt_button tt_secondary_button btn_secondary_color\"  target=\"_self\" title=\"EnergySecure voor hernieuwbare energie\">Lees meer<\/a><\/div>\r\n                    <\/div>\r\n                <\/li>\r\n                <li class=\"pss-item kd-animated fadeIn \"  data-animation-delay=200>\r\n                    <div class=\"pss-container\"><div class=\"pss-step-number\"><span ><\/span><\/div><div class=\"pss-text-area\">\r\n                            <h5 >EnergySecure voor zonneparken<\/h5>\r\n                            <p >De beveiliging van zonneparken is een veelkoppig monster. Naast keuzes over de afrastering, verlichting en sensoren, hebt u te maken met inzet van bewakings- en meldkamerdiensten en verzekeringszaken. VCS waarborgt de veiligheid met \u00e9\u00e9n complete aanpak.<\/p><a href=\"https:\/\/www.vcsobservation.com\/sectoren\/zonneparken\/\" class=\"tt_button tt_secondary_button btn_secondary_color\"  target=\"_self\" title=\"EnergySecure voor zonneparken\">Lees meer<\/a><\/div>\r\n                    <\/div>\r\n                <\/li>\r\n                <li class=\"pss-item kd-animated fadeIn \"  data-animation-delay=400>\r\n                    <div class=\"pss-container\"><div class=\"pss-step-number\"><span ><\/span><\/div><div class=\"pss-text-area\">\r\n                            <h5 >CameraToezicht op zonneparken<\/h5>\r\n                            <p >VCS realiseert realtime CameraToezicht op zonneparken, zodat u schade door diefstal of vandalisme voorkomt, verzekerd bent van continu\u00efteit \u00e9n voldoet aan de eisen van uw verzekeraar. Maak uw keuze uit drie overzichtelijke pakketten: Basis, Standaard en Premium.<\/p><a href=\"https:\/\/www.vcsobservation.com\/sectoren\/cameratoezicht-voor-zonneparken\/\" class=\"tt_button tt_secondary_button btn_secondary_color\"  target=\"_self\" title=\"CameraToezicht voor zonneparken\">Lees meer<\/a><\/div>\r\n                    <\/div>\r\n                <\/li><\/ul>\r\n            <\/div>[\/vc_column_inner][\/vc_row_inner][\/vc_column][\/vc_row][vc_row full_width=&#8221;stretch_row&#8221; css=&#8221;.vc_custom_1631527521837{margin-top: 0px !important;margin-bottom: 30px !important;padding-top: 30px !important;background-position: center !important;background-repeat: no-repeat !important;background-size: cover !important;}&#8221;][vc_column width=&#8221;1\/2&#8243; css=&#8221;.vc_custom_1631527963491{margin-top: 10px !important;margin-bottom: 30px !important;}&#8221;][vc_single_image image=&#8221;19970&#8243; img_size=&#8221;full&#8221; alignment=&#8221;center&#8221; style=&#8221;vc_box_rounded&#8221;][\/vc_column][vc_column width=&#8221;1\/2&#8243;]<header class=\"kd-section-title col-lg-12 text-left    \" ><h2 class=\"separator_off\" >Koperdiefstal<\/h2><\/header>[vc_column_text]<\/p>\n<h6>Zonneparken in het bijzonder zijn steeds vaker doelwit voor dieven en vandalen. Criminelen breken in op het terrein en maken zoveel mogelijk koperleidingen buit. De schade door koperdiefstal kan flink in de papieren lopen. De schade reikt namelijk verder dan alleen de koperleidingen die vervangen moeten worden.<\/h6>\n<h6>Zo loopt u schade op door:<\/h6>\n<ul>\n<li>\n<h6>Vernieling tijdens de inbraak<\/h6>\n<\/li>\n<li>\n<h6>Herstelwerkzaamheden: deze kunnen weken of zelfs maanden duren<\/h6>\n<\/li>\n<li>\n<h6>Onderbreking van continu\u00efteit: \u00e9\u00e9n of meerdere zonnepanelen functioneren niet, waardoor u minder of geen stroom opwekt<\/h6>\n<\/li>\n<\/ul>\n<p>[\/vc_column_text][\/vc_column][\/vc_row][vc_row full_width=&#8221;stretch_row&#8221; css=&#8221;.vc_custom_1631527521837{margin-top: 0px !important;margin-bottom: 30px !important;padding-top: 30px !important;background-position: center !important;background-repeat: no-repeat !important;background-size: cover !important;}&#8221;][vc_column width=&#8221;1\/2&#8243; css=&#8221;.vc_custom_1631527963491{margin-top: 10px !important;margin-bottom: 30px !important;}&#8221;]<header class=\"kd-section-title col-lg-12 text-left  kd-animated fadeIn   vc_custom_1723806273086\" data-animation-delay=200><h2 class=\"separator_off\" >Slimme camera\u2019s<\/h2><\/header>[vc_column_text]<\/p>\n<h6>Onze <a href=\"https:\/\/www.vcsobservation.com\/cameratoezicht\/slimme-cameras-2\/\">slimme camera\u2019s<\/a> kunnen op verschillende manieren worden ingesteld. Zo kunt u de gebieden uittekenen waarbinnen mensen mogen komen. Ziet de camera iemand op een plek lopen op een tijdstip dat dit niet de bedoeling is? Dan ontvangt de (priv\u00e9)meldkamer een signaal. Hierdoor kan direct worden ingegrepen.<\/h6>\n<h6>Onze experts plaatsen camera\u2019s op strategische punten, zodat u totaaloverzicht hebt op het terrein. Ook plaatsen we camera\u2019s met <a href=\"https:\/\/www.vcsobservation.com\/cameratoezicht\/slimme-cameras\/anpr\/\">ANPR<\/a>, of die beweging registreren en personen identificeren. Dankzij technologie\u00ebn als infraroodscans en thermische camera\u2019s heeft u ook een zeer betrouwbare detectie bij slecht weer en weinig licht.<\/h6>\n<p>[\/vc_column_text][\/vc_column][vc_column width=&#8221;1\/2&#8243; css=&#8221;.vc_custom_1631527018135{margin-top: 50px !important;margin-bottom: 50px !important;}&#8221;][vc_single_image image=&#8221;20713&#8243; img_size=&#8221;full&#8221; alignment=&#8221;center&#8221; style=&#8221;vc_box_rounded&#8221;][\/vc_column][\/vc_row][vc_row full_width=&#8221;stretch_row&#8221; css=&#8221;.vc_custom_1631527521837{margin-top: 0px !important;margin-bottom: 30px !important;padding-top: 30px !important;background-position: center !important;background-repeat: no-repeat !important;background-size: cover !important;}&#8221;][vc_column width=&#8221;1\/2&#8243; css=&#8221;.vc_custom_1631527963491{margin-top: 10px !important;margin-bottom: 30px !important;}&#8221;][vc_single_image image=&#8221;20711&#8243; img_size=&#8221;full&#8221; alignment=&#8221;center&#8221; style=&#8221;vc_box_rounded&#8221;][\/vc_column][vc_column width=&#8221;1\/2&#8243;]<header class=\"kd-section-title col-lg-12 text-left    \" ><h2 class=\"separator_off\" >Optimale performance<\/h2><\/header>[vc_column_text]<\/p>\n<h6>De technologie van VCS voldoet aan de strikte eisen van de meeste verzekeraars, waardoor u verzekerd bent van vergoeding in geval van schade. Ons onderhouds- en serviceteam zorgt ervoor dat uw beveiligingssysteem altijd optimaal werkt en eventuele storingen snel worden verholpen.<\/h6>\n<h6>En met ons totaalconcept <a href=\"https:\/\/www.vcsobservation.com\/sectoren\/hernieuwbare-energie\/\">EnegySecure<\/a> vindt u in VCS \u00e9\u00e9n partij voor de totale beveiliging van uw energiesystemen. Van fysieke beveiligingsmaatregelen en de reactieorganisatie, infrawerkzaamheden, camera\u2019s en meldkamerdiensten, tot verzekering tegen schade en diefstal en eventuele schadelastafwikkeling.<\/h6>\n<p>[\/vc_column_text][\/vc_column][\/vc_row][vc_row full_width=&#8221;stretch_row&#8221; css=&#8221;.vc_custom_1631527521837{margin-top: 0px !important;margin-bottom: 30px !important;padding-top: 30px !important;background-position: center !important;background-repeat: no-repeat !important;background-size: cover !important;}&#8221;][vc_column width=&#8221;1\/2&#8243; css=&#8221;.vc_custom_1631527963491{margin-top: 10px !important;margin-bottom: 30px !important;}&#8221;]<header class=\"kd-section-title col-lg-12 text-left  kd-animated fadeIn   vc_custom_1723806114101\" data-animation-delay=200><h2 class=\"separator_off\" >Duurzaamheid<\/h2><\/header>[vc_column_text]<\/p>\n<h6>Duurzaamheid is voor ons een integraal onderdeel van onze strategie. We werken aan circulariteit, verminderen onze CO2-uitstoot en ons energieverbruik. Wij brengen duurzaamheid en social responsibility onder de aandacht van collega\u2019s, leveranciers en klanten.<\/h6>\n<h6>Ons wagenpark is bijna geheel elektrisch. Zelfs de werkbussen. Hierdoor rijden onze medewerkers emissieloos. Onze monteurs rijden in een Volkswagen ID. Buzz Cargo. Ze zijn werkzaam door het hele land.<\/h6>\n<p>[\/vc_column_text][vc_empty_space height=&#8221;30px&#8221;]<a  href=\"https:\/\/www.vcsobservation.com\/en\/discover-vcs\/social-responsibility\/\"  target=\"_self\"  title=\"Social responsibility\" class=\"tt_button tt_primary_button btn_primary_color  pull-left button-action-link\" ><span class=\"prim_text\">Social responsibility<\/span><\/a>[\/vc_column][vc_column width=&#8221;1\/2&#8243; css=&#8221;.vc_custom_1631527018135{margin-top: 50px !important;margin-bottom: 50px !important;}&#8221;][vc_single_image image=&#8221;19022&#8243; img_size=&#8221;full&#8221; alignment=&#8221;center&#8221; style=&#8221;vc_box_rounded&#8221;][\/vc_column][\/vc_row][vc_row full_width=&#8221;stretch_row&#8221; content_placement=&#8221;bottom&#8221; parallax=&#8221;content-moving&#8221; parallax_image=&#8221;7775&#8243; parallax_speed_bg=&#8221;1.3&#8243; kd_top_separator_style=&#8221;rounded-up&#8221; kd_top_separator_height=&#8221;separator-height-small&#8221; kd_top_separator=&#8221;true&#8221; css=&#8221;.vc_custom_1634114342335{background-image: url(http:\/\/www.vcsobservation.com\/wp-content\/uploads\/2021\/09\/GrAdient.png?id=7775) !important;}&#8221;][vc_column offset=&#8221;vc_hidden-sm vc_hidden-xs&#8221;][vc_empty_space height=&#8221;100px&#8221;][\/vc_column][vc_column css=&#8221;.vc_custom_1634115172364{padding-right: 0px !important;}&#8221;][vc_row_inner][vc_column_inner width=&#8221;1\/2&#8243; css=&#8221;.vc_custom_1631280466621{padding-right: 60px !important;padding-bottom: 60px !important;padding-left: 60px !important;}&#8221;][vc_single_image image=&#8221;17512&#8243; img_size=&#8221;medium&#8221; alignment=&#8221;center&#8221; css=&#8221;.vc_custom_1723810382072{margin-bottom: 10px !important;}&#8221;][vc_empty_space height=&#8221;5px&#8221;]<header class=\"kd-section-title col-lg-12 text-center  kd-animated fadeIn   vc_custom_1632747363473\" data-animation-delay=200><h3 class=\"separator_off\" style=\"color: #ffffff;\">Neem direct contact op<\/h3><\/header>[vc_column_text]<\/p>\n<h6 style=\"text-align: center; color: white;\">Bent u benieuwd wat VCS kan betekenen voor uw organisatie? Neem contact op met Sandor Olivari via <a href=\"mailto:sandor.olivari@vcsobservation.com\">e-mail<\/a> of bel <a href=\"callto:0416 54 10 10\">0416 54 10 10<\/a>.<\/h6>\n<p>[\/vc_column_text][\/vc_column_inner][vc_column_inner width=&#8221;1\/12&#8243;][\/vc_column_inner][vc_column_inner width=&#8221;5\/12&#8243; css=&#8221;.vc_custom_1634115678891{margin-top: 60px !important;margin-bottom: 40px !important;padding-top: 30px !important;padding-right: 60px !important;padding-bottom: 30px !important;padding-left: 60px !important;background-color: #ffffff !important;border-radius: 5px !important;}&#8221;][vc_custom_heading text=&#8221;Vraag een presentatie aan&#8221; font_container=&#8221;tag:h4|text_align:center|color:%230a0a0a&#8221; use_theme_fonts=&#8221;yes&#8221; css=&#8221;.vc_custom_1634115111280{margin-top: 50px !important;margin-left: 0px !important;}&#8221;][vc_column_text css=&#8221;.vc_custom_1723810431690{margin-bottom: 50px !important;margin-left: 20px !important;padding-right: 30px !important;}&#8221;]<\/p>\n<h6 style=\"text-align: center;\">Vraag kosteloos een presentatie aan voor uw organisatie. Deze duurt ongeveer een uur en is volledig vrijblijvend. Neem contact op met met Sandor of met VCS via <a href=\"mailto:info@vcsobservation.com\">e-mail<\/a> of telefoonnummer <a href=\"tel:0416 54 10 10\">0416 54 10 10<\/a>.<\/h6>\n<p>[\/vc_column_text][\/vc_column_inner][\/vc_row_inner][\/vc_column][vc_column][vc_empty_space][\/vc_column][\/vc_row]<\/p>\n<\/div>","protected":false},"excerpt":{"rendered":"<p>[vc_row full_width=&#8221;stretch_row&#8221; kd_image_overlay_color=&#8221;rgba(9,24,42,0.4)&#8221; kd_bottom_separator_style=&#8221;rounded-down&#8221; kd_bottom_separator_height=&#8221;separator-height-medium&#8221; kd_image_overlay=&#8221;true&#8221; kd_bottom_separator=&#8221;true&#8221; css=&#8221;.vc_custom_1723803823149{padding-top: 100px !important;padding-bottom: 100px !important;background-image: url(https:\/\/www.vcsobservation.com\/wp-content\/uploads\/2024\/08\/Banner-hernieuwbare-energie.png?id=20718) !important;background-position: center !important;background-repeat: no-repeat !important;background-size: cover !important;}&#8221; [&hellip;]<\/p>\n","protected":false},"author":4,"featured_media":21619,"parent":18080,"menu_order":0,"comment_status":"closed","ping_status":"closed","template":"","meta":{"footnotes":""},"class_list":["post-21611","page","type-page","status-publish","has-post-thumbnail","hentry"],"yoast_head":"<!-- This site is optimized with the Yoast SEO plugin v27.5 - https:\/\/yoast.com\/product\/yoast-seo-wordpress\/ -->\n<title>Industry - VCS<\/title>\n<meta name=\"description\" content=\"In industry, everything revolves around safety and process optimisation. VCS Observation&#039;s systems support your daily operations.\" \/>\n<meta name=\"robots\" content=\"index, follow, max-snippet:-1, max-image-preview:large, max-video-preview:-1\" \/>\n<link rel=\"canonical\" href=\"https:\/\/www.vcsobservation.com\/en\/sectors\/industry-3\/\" \/>\n<meta property=\"og:locale\" content=\"en_US\" \/>\n<meta property=\"og:type\" content=\"article\" \/>\n<meta property=\"og:title\" content=\"Industry - VCS\" \/>\n<meta property=\"og:description\" content=\"In industry, everything revolves around safety and process optimisation. VCS Observation&#039;s systems support your daily operations.\" \/>\n<meta property=\"og:url\" content=\"https:\/\/www.vcsobservation.com\/en\/sectors\/industry-3\/\" \/>\n<meta property=\"og:site_name\" content=\"VCS\" \/>\n<meta property=\"article:modified_time\" content=\"2025-02-06T10:00:05+00:00\" \/>\n<meta property=\"og:image\" content=\"https:\/\/www.vcsobservation.com\/wp-content\/uploads\/2025\/02\/Warehousing-verkleind.jpeg\" \/>\n\t<meta property=\"og:image:width\" content=\"1152\" \/>\n\t<meta property=\"og:image:height\" content=\"768\" \/>\n\t<meta property=\"og:image:type\" content=\"image\/jpeg\" \/>\n<meta name=\"twitter:card\" content=\"summary_large_image\" \/>\n<meta name=\"twitter:label1\" content=\"Est. reading time\" \/>\n\t<meta name=\"twitter:data1\" content=\"5 minutes\" \/>\n<script type=\"application\/ld+json\" class=\"yoast-schema-graph\">{\"@context\":\"https:\\\/\\\/schema.org\",\"@graph\":[{\"@type\":\"WebPage\",\"@id\":\"https:\\\/\\\/www.vcsobservation.com\\\/en\\\/sectors\\\/industry-3\\\/\",\"url\":\"https:\\\/\\\/www.vcsobservation.com\\\/en\\\/sectors\\\/industry-3\\\/\",\"name\":\"Industry - VCS\",\"isPartOf\":{\"@id\":\"https:\\\/\\\/www.vcsobservation.com\\\/#website\"},\"primaryImageOfPage\":{\"@id\":\"https:\\\/\\\/www.vcsobservation.com\\\/en\\\/sectors\\\/industry-3\\\/#primaryimage\"},\"image\":{\"@id\":\"https:\\\/\\\/www.vcsobservation.com\\\/en\\\/sectors\\\/industry-3\\\/#primaryimage\"},\"thumbnailUrl\":\"https:\\\/\\\/www.vcsobservation.com\\\/wp-content\\\/uploads\\\/2025\\\/02\\\/Warehousing-verkleind.jpeg\",\"datePublished\":\"2025-02-06T10:00:04+00:00\",\"dateModified\":\"2025-02-06T10:00:05+00:00\",\"description\":\"In industry, everything revolves around safety and process optimisation. VCS Observation's systems support your daily operations.\",\"breadcrumb\":{\"@id\":\"https:\\\/\\\/www.vcsobservation.com\\\/en\\\/sectors\\\/industry-3\\\/#breadcrumb\"},\"inLanguage\":\"en-US\",\"potentialAction\":[{\"@type\":\"ReadAction\",\"target\":[\"https:\\\/\\\/www.vcsobservation.com\\\/en\\\/sectors\\\/industry-3\\\/\"]}]},{\"@type\":\"ImageObject\",\"inLanguage\":\"en-US\",\"@id\":\"https:\\\/\\\/www.vcsobservation.com\\\/en\\\/sectors\\\/industry-3\\\/#primaryimage\",\"url\":\"https:\\\/\\\/www.vcsobservation.com\\\/wp-content\\\/uploads\\\/2025\\\/02\\\/Warehousing-verkleind.jpeg\",\"contentUrl\":\"https:\\\/\\\/www.vcsobservation.com\\\/wp-content\\\/uploads\\\/2025\\\/02\\\/Warehousing-verkleind.jpeg\",\"width\":1152,\"height\":768,\"caption\":\"Worker with scanner making review of goods in warehouse\"},{\"@type\":\"BreadcrumbList\",\"@id\":\"https:\\\/\\\/www.vcsobservation.com\\\/en\\\/sectors\\\/industry-3\\\/#breadcrumb\",\"itemListElement\":[{\"@type\":\"ListItem\",\"position\":1,\"name\":\"Home\",\"item\":\"https:\\\/\\\/www.vcsobservation.com\\\/en\\\/\"},{\"@type\":\"ListItem\",\"position\":2,\"name\":\"Your sector\",\"item\":\"https:\\\/\\\/www.vcsobservation.com\\\/en\\\/sectors\\\/\"},{\"@type\":\"ListItem\",\"position\":3,\"name\":\"Industry\"}]},{\"@type\":\"WebSite\",\"@id\":\"https:\\\/\\\/www.vcsobservation.com\\\/#website\",\"url\":\"https:\\\/\\\/www.vcsobservation.com\\\/\",\"name\":\"VCS\",\"description\":\"Samen werken aan veiligheid\",\"potentialAction\":[{\"@type\":\"SearchAction\",\"target\":{\"@type\":\"EntryPoint\",\"urlTemplate\":\"https:\\\/\\\/www.vcsobservation.com\\\/?s={search_term_string}\"},\"query-input\":{\"@type\":\"PropertyValueSpecification\",\"valueRequired\":true,\"valueName\":\"search_term_string\"}}],\"inLanguage\":\"en-US\"}]}<\/script>\n<!-- \/ Yoast SEO plugin. -->","yoast_head_json":{"title":"Industry - VCS","description":"In industry, everything revolves around safety and process optimisation. VCS Observation's systems support your daily operations.","robots":{"index":"index","follow":"follow","max-snippet":"max-snippet:-1","max-image-preview":"max-image-preview:large","max-video-preview":"max-video-preview:-1"},"canonical":"https:\/\/www.vcsobservation.com\/en\/sectors\/industry-3\/","og_locale":"en_US","og_type":"article","og_title":"Industry - VCS","og_description":"In industry, everything revolves around safety and process optimisation. VCS Observation's systems support your daily operations.","og_url":"https:\/\/www.vcsobservation.com\/en\/sectors\/industry-3\/","og_site_name":"VCS","article_modified_time":"2025-02-06T10:00:05+00:00","og_image":[{"width":1152,"height":768,"url":"https:\/\/www.vcsobservation.com\/wp-content\/uploads\/2025\/02\/Warehousing-verkleind.jpeg","type":"image\/jpeg"}],"twitter_card":"summary_large_image","twitter_misc":{"Est. reading time":"5 minutes"},"schema":{"@context":"https:\/\/schema.org","@graph":[{"@type":"WebPage","@id":"https:\/\/www.vcsobservation.com\/en\/sectors\/industry-3\/","url":"https:\/\/www.vcsobservation.com\/en\/sectors\/industry-3\/","name":"Industry - VCS","isPartOf":{"@id":"https:\/\/www.vcsobservation.com\/#website"},"primaryImageOfPage":{"@id":"https:\/\/www.vcsobservation.com\/en\/sectors\/industry-3\/#primaryimage"},"image":{"@id":"https:\/\/www.vcsobservation.com\/en\/sectors\/industry-3\/#primaryimage"},"thumbnailUrl":"https:\/\/www.vcsobservation.com\/wp-content\/uploads\/2025\/02\/Warehousing-verkleind.jpeg","datePublished":"2025-02-06T10:00:04+00:00","dateModified":"2025-02-06T10:00:05+00:00","description":"In industry, everything revolves around safety and process optimisation. VCS Observation's systems support your daily operations.","breadcrumb":{"@id":"https:\/\/www.vcsobservation.com\/en\/sectors\/industry-3\/#breadcrumb"},"inLanguage":"en-US","potentialAction":[{"@type":"ReadAction","target":["https:\/\/www.vcsobservation.com\/en\/sectors\/industry-3\/"]}]},{"@type":"ImageObject","inLanguage":"en-US","@id":"https:\/\/www.vcsobservation.com\/en\/sectors\/industry-3\/#primaryimage","url":"https:\/\/www.vcsobservation.com\/wp-content\/uploads\/2025\/02\/Warehousing-verkleind.jpeg","contentUrl":"https:\/\/www.vcsobservation.com\/wp-content\/uploads\/2025\/02\/Warehousing-verkleind.jpeg","width":1152,"height":768,"caption":"Worker with scanner making review of goods in warehouse"},{"@type":"BreadcrumbList","@id":"https:\/\/www.vcsobservation.com\/en\/sectors\/industry-3\/#breadcrumb","itemListElement":[{"@type":"ListItem","position":1,"name":"Home","item":"https:\/\/www.vcsobservation.com\/en\/"},{"@type":"ListItem","position":2,"name":"Your sector","item":"https:\/\/www.vcsobservation.com\/en\/sectors\/"},{"@type":"ListItem","position":3,"name":"Industry"}]},{"@type":"WebSite","@id":"https:\/\/www.vcsobservation.com\/#website","url":"https:\/\/www.vcsobservation.com\/","name":"VCS","description":"Samen werken aan veiligheid","potentialAction":[{"@type":"SearchAction","target":{"@type":"EntryPoint","urlTemplate":"https:\/\/www.vcsobservation.com\/?s={search_term_string}"},"query-input":{"@type":"PropertyValueSpecification","valueRequired":true,"valueName":"search_term_string"}}],"inLanguage":"en-US"}]}},"_links":{"self":[{"href":"https:\/\/www.vcsobservation.com\/en\/wp-json\/wp\/v2\/pages\/21611","targetHints":{"allow":["GET"]}}],"collection":[{"href":"https:\/\/www.vcsobservation.com\/en\/wp-json\/wp\/v2\/pages"}],"about":[{"href":"https:\/\/www.vcsobservation.com\/en\/wp-json\/wp\/v2\/types\/page"}],"author":[{"embeddable":true,"href":"https:\/\/www.vcsobservation.com\/en\/wp-json\/wp\/v2\/users\/4"}],"replies":[{"embeddable":true,"href":"https:\/\/www.vcsobservation.com\/en\/wp-json\/wp\/v2\/comments?post=21611"}],"version-history":[{"count":3,"href":"https:\/\/www.vcsobservation.com\/en\/wp-json\/wp\/v2\/pages\/21611\/revisions"}],"predecessor-version":[{"id":21614,"href":"https:\/\/www.vcsobservation.com\/en\/wp-json\/wp\/v2\/pages\/21611\/revisions\/21614"}],"up":[{"embeddable":true,"href":"https:\/\/www.vcsobservation.com\/en\/wp-json\/wp\/v2\/pages\/18080"}],"wp:featuredmedia":[{"embeddable":true,"href":"https:\/\/www.vcsobservation.com\/en\/wp-json\/wp\/v2\/media\/21619"}],"wp:attachment":[{"href":"https:\/\/www.vcsobservation.com\/en\/wp-json\/wp\/v2\/media?parent=21611"}],"curies":[{"name":"wp","href":"https:\/\/api.w.org\/{rel}","templated":true}]}}