{"id":18396,"date":"2022-10-20T09:54:51","date_gmt":"2022-10-20T09:54:51","guid":{"rendered":"https:\/\/www.vcsobservation.com\/sectors\/maakindustrie\/"},"modified":"2025-07-11T13:55:28","modified_gmt":"2025-07-11T13:55:28","slug":"manufacturing","status":"publish","type":"page","link":"https:\/\/www.vcsobservation.com\/en\/manufacturing\/","title":{"rendered":"Manufacturing"},"content":{"rendered":"<div class=\"wpb-content-wrapper\"><p>[vc_row full_width=&#8221;stretch_row&#8221; kd_image_overlay_color=&#8221;rgba(9,24,42,0.4)&#8221; kd_bottom_separator_style=&#8221;rounded-down&#8221; kd_bottom_separator_height=&#8221;separator-height-medium&#8221; kd_image_overlay=&#8221;true&#8221; kd_bottom_separator=&#8221;true&#8221; css=&#8221;.vc_custom_1696600630901{padding-top: 100px !important;padding-bottom: 100px !important;background-image: url(https:\/\/www.vcsobservation.com\/wp-content\/uploads\/2023\/10\/VCS-Camera-Maakindustrie-1-scaled-1.jpg?id=17162) !important;background-position: center !important;background-repeat: no-repeat !important;background-size: cover !important;}&#8221; kd_bottom_separator_bg=&#8221;#ffffff&#8221;][vc_column width=&#8221;1\/6&#8243; css=&#8221;.vc_custom_1513003956648{padding-top: 0px !important;}&#8221;][\/vc_column][vc_column width=&#8221;2\/3&#8243;][vc_row_inner][vc_column_inner css=&#8221;.vc_custom_1513004658055{padding-top: 50px !important;padding-left: 0px !important;}&#8221;][vc_custom_heading text=&#8221;Maakindustrie&#8221; font_container=&#8221;tag:h1|text_align:center|color:%23ffffff&#8221; use_theme_fonts=&#8221;yes&#8221;][\/vc_column_inner][\/vc_row_inner][\/vc_column][vc_column width=&#8221;1\/6&#8243;][\/vc_column][\/vc_row][vc_row full_width=&#8221;stretch_row&#8221; css=&#8221;.vc_custom_1631527521837{margin-top: 0px !important;margin-bottom: 30px !important;padding-top: 30px !important;background-position: center !important;background-repeat: no-repeat !important;background-size: cover !important;}&#8221;][vc_column width=&#8221;1\/2&#8243; css=&#8221;.vc_custom_1631527963491{margin-top: 10px !important;margin-bottom: 30px !important;}&#8221;]<header class=\"kd-section-title col-lg-12 text-left  kd-animated fadeIn   vc_custom_1706273103619\" data-animation-delay=200><h2 class=\"separator_off\" >24\/7 slim cameratoezicht dat uw personeel ondersteunt<\/h2><h6 class=\"subtitle \" >Diefstal en vernieling voorkomen, veilig werken met gevaarlijk materieel of zelfs terrorisme tegengaan. Reactief cameratoezicht is niet waterdicht. Daarom implementeerde VCS voor diverse bedrijven intelligente camerabewaking, die de taak van het drukke personeel deels overneemt.<\/h6><\/header><a  href=\"https:\/\/www.vcsobservation.com\/en\/contact-vcs\/\"  target=\"_self\"  title=\"Contact VCS\" class=\"tt_button tt_primary_button btn_primary_color  pull-left button-action-link\" ><span class=\"prim_text\">Kom in contact<\/span><\/a>[\/vc_column][vc_column width=&#8221;1\/2&#8243; css=&#8221;.vc_custom_1631527018135{margin-top: 50px !important;margin-bottom: 50px !important;}&#8221;][vc_single_image image=&#8221;17949&#8243; img_size=&#8221;full&#8221; alignment=&#8221;center&#8221; style=&#8221;vc_box_rounded&#8221;][\/vc_column][\/vc_row][vc_row full_width=&#8221;stretch_row&#8221; css=&#8221;.vc_custom_1631630747391{padding-top: 70px !important;padding-bottom: 100px !important;background-color: #ffffff !important;}&#8221;][vc_column][vc_row_inner][vc_column_inner width=&#8221;1\/4&#8243; offset=&#8221;vc_hidden-xs&#8221;][\/vc_column_inner][vc_column_inner width=&#8221;1\/2&#8243;][vc_empty_space height=&#8221;25px&#8221;]<header class=\"kd-section-title col-lg-12 text-center  kd-animated fadeIn  \" data-animation-delay=200><h2 class=\"separator_off\" >Uitgelichte producten<\/h2><\/header>[\/vc_column_inner][vc_column_inner width=&#8221;1\/4&#8243; offset=&#8221;vc_hidden-xs&#8221;][\/vc_column_inner][\/vc_row_inner][vc_row_inner css=&#8221;.vc_custom_1631630697088{padding-top: 10px !important;}&#8221;][vc_column_inner]\r\n            <div class=\"kd-process-steps process_three_elem process-number-template \">\r\n                <ul>\r\n                <li class=\"pss-item kd-animated fadeIn \"  >\r\n                    <div class=\"pss-container\"><div class=\"pss-step-number\"><span ><\/span><\/div><div class=\"pss-text-area\">\r\n                            <h5 >CameraToezicht<\/h5>\r\n                            <p >Intelligente camera\u2019s herkennen objecten en personen. Met een combinatie van thermische camera\u2019s en bestuurbare camera\u2019s brengt camerabewaking elke insluiper haarscherp in beeld, ook \u2019s nachts. Ook gangbaar (ogend) verkeer kan doelgericht gemonitord worden, door ANPR-kentekenregistratiecamera\u2019s.<\/p><a href=\"https:\/\/www.vcsobservation.com\/en\/camera-surveillance\/\" class=\"tt_button tt_secondary_button btn_secondary_color\"  target=\"_self\" title=\"CameraToezicht\">Lees meer<\/a><\/div>\r\n                    <\/div>\r\n                <\/li>\r\n                <li class=\"pss-item kd-animated fadeIn \"  data-animation-delay=200>\r\n                    <div class=\"pss-container\"><div class=\"pss-step-number\"><span ><\/span><\/div><div class=\"pss-text-area\">\r\n                            <h5 >CosMos<\/h5>\r\n                            <p >Werknemers in de industrie moeten hun taken veilig kunnen uitvoeren. O\u00f3k als ze in besloten ruimtes onderhoudswerkzaamheden of heetwerk uitvoeren. CosMos ontlast de veiligheidswacht en draagt bij aan veilig werken in o.a. de petrochemie, transport en de maakindustrie.<\/p><a href=\"https:\/\/www.vcsobservation.com\/?page_id=19588\" class=\"tt_button tt_secondary_button btn_secondary_color\"  target=\"_self\" title=\"CosMos voor de industrie\">Lees meer<\/a><\/div>\r\n                    <\/div>\r\n                <\/li>\r\n                <li class=\"pss-item kd-animated fadeIn \"  data-animation-delay=400>\r\n                    <div class=\"pss-container\"><div class=\"pss-step-number\"><span ><\/span><\/div><div class=\"pss-text-area\">\r\n                            <h5 >Slimme camera's<\/h5>\r\n                            <p >In de maakindustrie draait \u00e1lles om veiligheid en procesoptimalisatie. Onze systemen ondersteunen uw dagelijkse operatie. Naast de bekende beveiligingscamera\u2019s biedt VCS procescamera\u2019s, die de productielijn in de gaten houden. Dit zijn camera\u2019s die tegen extreem hoge warmte en explosies kunnen.<\/p><a href=\"https:\/\/www.vcsobservation.com\/slimme-cameras-onmisbaar-in-datagestuurde-fabrieken\/\" class=\"tt_button tt_secondary_button btn_secondary_color\"  target=\"_self\" title=\"Slimme camera\u2019s\">Lees meer<\/a><\/div>\r\n                    <\/div>\r\n                <\/li><\/ul>\r\n            <\/div>[\/vc_column_inner][\/vc_row_inner][\/vc_column][\/vc_row][vc_row full_width=&#8221;stretch_row&#8221; css=&#8221;.vc_custom_1631527521837{margin-top: 0px !important;margin-bottom: 30px !important;padding-top: 30px !important;background-position: center !important;background-repeat: no-repeat !important;background-size: cover !important;}&#8221;][vc_column css=&#8221;.vc_custom_1631527963491{margin-top: 10px !important;margin-bottom: 30px !important;}&#8221;]<header class=\"kd-section-title col-lg-12 text-center  kd-animated fadeIn   vc_custom_1725359231772\" data-animation-delay=200><h2 class=\"separator_off\" >Voor veiligheid en procesoptimalisatie<\/h2><\/header><header class=\"kd-section-title col-lg-12 text-center  kd-animated fadeIn   vc_custom_1725359244820\" data-animation-delay=200><h6 class=\"subtitle \" >Via de control room kunnen operators met onze camera\u2019s heel vroeg detecteren als machines in de problemen komen. Of als het product wordt gecompromitteerd. Een voorbeeld is een fabriek in de voedingsindustrie, \u00e9\u00e9n van onze opdrachtgevers. Met behulp van onze camera\u2019s volgen zij o.a. of de sproeiers van de machines goed werken en niet verstopt raken. Maar het is zelfs mogelijk om het volledige machineproces te digitaliseren. Het is mogelijk om sensoren te adopteren in het systeem, evenals de tijdsregistratie van medewerkers. Procesoptimalisaties scheelt uw procesoperators veel kostbare tijd. Tegelijk is het minder foutgevoelig.<\/h6><\/header><header class=\"kd-section-title col-lg-12 text-center  kd-animated fadeIn   vc_custom_1666260758991\" data-animation-delay=200><h6 class=\"subtitle \" >Met onze warmtecamera\u2019s is het daarnaast mogelijk om vroegtijdig zicht te krijgen op snel veranderende temperaturen. Dit is cruciaal voor productielijnen waar bijvoorbeeld kritische lagers of elektromotoren beginnen warm te lopen. Dankzij vroegtijdige detectie waarborgt u de continu\u00efteit en beschikbaarheid van de productielijnen.<\/h6><\/header><header class=\"kd-section-title col-lg-12 text-center  kd-animated fadeIn   vc_custom_1666260848118\" data-animation-delay=200><h2 class=\"separator_off\" >Van diefstal tot dreiging van terrorisme<\/h2><h6 class=\"subtitle \" >In de maakindustrie voert VCS veel bijzondere opdrachten uit. We realiseren camerasystemen in combinatie met maatwerksoftware, voor specifieke toepassingen. Zo gaat \u00e9\u00e9n van onze opdrachtgevers, een zuivelfabriek, met behulp van onze systemen bedrijfsspionage tegen. Een re\u00ebel gevaar, want in sommige landen is een groot tekort aan melkpoeder.<\/h6><\/header><header class=\"kd-section-title col-lg-12 text-center  kd-animated fadeIn   vc_custom_1666260866294\" data-animation-delay=200><h6 class=\"subtitle \" >Bij een sigarettenfabrikant waar wij voor werken, controleren operators juist op diefstal. Ze monitoren precies wat er op locatie in- en uitgaat. Een ander voorbeeld: een drinkwaterbedrijf. Dit wordt beschouwd als een mogelijk terroristisch doelwit, waarbij het risico bestaat dat iemand het water probeert af te sluiten of te vervuilen. Mede dankzij onze camera\u2019s kunnen ze instaan voor veilig drinkwater.<\/h6><\/header>[\/vc_column][\/vc_row][vc_row full_width=&#8221;stretch_row&#8221; css=&#8221;.vc_custom_1631527521837{margin-top: 0px !important;margin-bottom: 30px !important;padding-top: 30px !important;background-position: center !important;background-repeat: no-repeat !important;background-size: cover !important;}&#8221;][vc_column width=&#8221;1\/2&#8243; css=&#8221;.vc_custom_1631527963491{margin-top: 10px !important;margin-bottom: 30px !important;}&#8221;]<header class=\"kd-section-title col-lg-12 text-left  kd-animated fadeIn   vc_custom_1725354023126\" data-animation-delay=200><h2 class=\"separator_off\" >Speciaal opgeleide collega\u2019s<\/h2><\/header>[vc_column_text]<\/p>\n<h6>Bij VCS zijn collega\u2019s speciaal opgeleid om te werken in de maakindustrie. Zij kennen de vergunningen en voorschriften, en volgen regelmatig trainingen. Ze zijn gewend om te werken in precaire situaties in fabrieken, waar wordt gewerkt met gevaarlijke stoffen.<\/h6>\n<h6>Onze monteurs beschikken bijvoorbeeld over een \u2018vluchtmasker\u2019 en zijn getraind om dit te gebruiken. Als er op locatie giftige gassen vrijkomen, zetten ze zo\u2019n masker op en verlaten op een veilige manier de locatie.<\/h6>\n<p>[\/vc_column_text][vc_empty_space]<a  href=\"https:\/\/www.vcsobservation.com\/en\/discover-vcs\/\"  target=\"_self\"  title=\"Ontdek VCS\" class=\"tt_button tt_primary_button btn_primary_color  pull-left button-action-link\" ><span class=\"prim_text\">Ontdek VCS<\/span><\/a>[\/vc_column][vc_column width=&#8221;1\/2&#8243; css=&#8221;.vc_custom_1631527018135{margin-top: 50px !important;margin-bottom: 50px !important;}&#8221;][vc_single_image image=&#8221;17725&#8243; img_size=&#8221;full&#8221; alignment=&#8221;center&#8221; style=&#8221;vc_box_rounded&#8221;][\/vc_column][\/vc_row][vc_row full_width=&#8221;stretch_row&#8221; css=&#8221;.vc_custom_1631527521837{margin-top: 0px !important;margin-bottom: 30px !important;padding-top: 30px !important;background-position: center !important;background-repeat: no-repeat !important;background-size: cover !important;}&#8221;][vc_column width=&#8221;1\/2&#8243; css=&#8221;.vc_custom_1631527963491{margin-top: 10px !important;margin-bottom: 30px !important;}&#8221;][vc_single_image image=&#8221;17933&#8243; img_size=&#8221;full&#8221;][\/vc_column][vc_column width=&#8221;1\/2&#8243;]<header class=\"kd-section-title col-lg-12 text-left    \" ><h2 class=\"separator_off\" >Duurzaamheid<\/h2><\/header>[vc_column_text]<\/p>\n<h6>Duurzaamheid is voor ons een integraal onderdeel van onze strategie. We werken aan circulariteit, we verminderen onze CO2-uitstoot en ons energieverbruik. Wij brengen duurzaamheid en social responsibility onder de aandacht van collega\u2019s, leveranciers en klanten.<\/h6>\n<h6>Ons wagenpark is bijna geheel elektrisch. Zelfs de werkbussen. Hierdoor rijden onze medewerkers emissieloos rond. Onze monteurs rijden rond in een Volkswagen ID. Buzz Cargo. Ze zijn werkzaam door het hele land.<\/h6>\n<p>[\/vc_column_text][vc_empty_space]<a  href=\"https:\/\/www.vcsobservation.com\/en\/discover-vcs\/social-responsibility\/\"  target=\"_self\"  title=\"Social responsibility\" class=\"tt_button tt_primary_button btn_primary_color  pull-left button-action-link\" ><span class=\"prim_text\">Social responsibility<\/span><\/a>[\/vc_column][\/vc_row][vc_row full_width=&#8221;stretch_row&#8221; content_placement=&#8221;bottom&#8221; parallax=&#8221;content-moving&#8221; parallax_image=&#8221;7775&#8243; parallax_speed_bg=&#8221;1.3&#8243; kd_top_separator_style=&#8221;rounded-up&#8221; kd_top_separator_height=&#8221;separator-height-small&#8221; kd_top_separator=&#8221;true&#8221; css=&#8221;.vc_custom_1634114342335{background-image: url(http:\/\/www.vcsobservation.com\/wp-content\/uploads\/2021\/09\/GrAdient.png?id=7775) !important;}&#8221;][vc_column offset=&#8221;vc_hidden-sm vc_hidden-xs&#8221;][vc_empty_space height=&#8221;100px&#8221;][\/vc_column][vc_column css=&#8221;.vc_custom_1634115172364{padding-right: 0px !important;}&#8221;][vc_row_inner][vc_column_inner width=&#8221;1\/2&#8243; css=&#8221;.vc_custom_1631280466621{padding-right: 60px !important;padding-bottom: 60px !important;padding-left: 60px !important;}&#8221;][vc_single_image image=&#8221;20368&#8243; img_size=&#8221;medium&#8221; alignment=&#8221;center&#8221; css=&#8221;.vc_custom_1718954213621{margin-bottom: 10px !important;}&#8221;][vc_empty_space height=&#8221;5px&#8221;]<header class=\"kd-section-title col-lg-12 text-center  kd-animated fadeIn   vc_custom_1632747363473\" data-animation-delay=200><h3 class=\"separator_off\" style=\"color: #ffffff;\">Neem direct contact op<\/h3><\/header>[vc_column_text]<\/p>\n<h6 style=\"text-align: center; color: white;\">Bent u benieuwd wat VCS kan betekenen voor uw organisatie? Neem contact op met Carel ten Horn via <a href=\"mailto:carel.ten.horn@vcsobservation.com\">e-mail<\/a> of bel <a href=\"callto:0416 54 10 10\">0416 54 10 10<\/a>.<\/h6>\n<p>[\/vc_column_text][\/vc_column_inner][vc_column_inner width=&#8221;1\/12&#8243;][\/vc_column_inner][vc_column_inner width=&#8221;5\/12&#8243; css=&#8221;.vc_custom_1634115678891{margin-top: 60px !important;margin-bottom: 40px !important;padding-top: 30px !important;padding-right: 60px !important;padding-bottom: 30px !important;padding-left: 60px !important;background-color: #ffffff !important;border-radius: 5px !important;}&#8221;][vc_custom_heading text=&#8221;Vraag een presentatie aan&#8221; font_container=&#8221;tag:h4|text_align:center|color:%230a0a0a&#8221; use_theme_fonts=&#8221;yes&#8221; css=&#8221;.vc_custom_1634115111280{margin-top: 50px !important;margin-left: 0px !important;}&#8221;][vc_column_text css=&#8221;.vc_custom_1706273316235{margin-bottom: 50px !important;margin-left: 20px !important;padding-right: 30px !important;}&#8221;]<\/p>\n<h6 style=\"text-align: center;\">Vraag kosteloos een presentatie aan voor uw organisatie. Deze duurt ongeveer een uur en is volledig vrijblijvend. Neem contact op met VCS via <a href=\"mailto:info@vcsobservation.com\">e-mail<\/a> of telefoonnummer <a href=\"tel:0416 54 10 10\">0416 54 10 10<\/a>.<\/h6>\n<p>[\/vc_column_text][\/vc_column_inner][\/vc_row_inner][\/vc_column][vc_column][vc_empty_space][\/vc_column][\/vc_row]<\/p>\n<\/div>","protected":false},"excerpt":{"rendered":"<p>[vc_row full_width=&#8221;stretch_row&#8221; kd_image_overlay_color=&#8221;rgba(9,24,42,0.4)&#8221; kd_bottom_separator_style=&#8221;rounded-down&#8221; kd_bottom_separator_height=&#8221;separator-height-medium&#8221; kd_image_overlay=&#8221;true&#8221; kd_bottom_separator=&#8221;true&#8221; css=&#8221;.vc_custom_1696600630901{padding-top: 100px !important;padding-bottom: 100px !important;background-image: url(https:\/\/www.vcsobservation.com\/wp-content\/uploads\/2023\/10\/VCS-Camera-Maakindustrie-1-scaled-1.jpg?id=17162) !important;background-position: center !important;background-repeat: no-repeat !important;background-size: cover !important;}&#8221; [&hellip;]<\/p>\n","protected":false},"author":2,"featured_media":17949,"parent":0,"menu_order":0,"comment_status":"closed","ping_status":"closed","template":"","meta":{"footnotes":""},"class_list":["post-18396","page","type-page","status-publish","has-post-thumbnail","hentry"],"yoast_head":"<!-- This site is optimized with the Yoast SEO plugin v27.5 - https:\/\/yoast.com\/product\/yoast-seo-wordpress\/ -->\n<title>Manufacturing - VCS<\/title>\n<meta name=\"description\" content=\"Reactive camera surveillance is not foolproof. VCS implemented smart camera surveillance that supports your staff.\" \/>\n<meta name=\"robots\" content=\"index, follow, max-snippet:-1, max-image-preview:large, max-video-preview:-1\" \/>\n<link rel=\"canonical\" href=\"https:\/\/www.vcsobservation.com\/en\/manufacturing\/\" \/>\n<meta property=\"og:locale\" content=\"en_US\" \/>\n<meta property=\"og:type\" content=\"article\" \/>\n<meta property=\"og:title\" content=\"Manufacturing - VCS\" \/>\n<meta property=\"og:description\" content=\"Reactive camera surveillance is not foolproof. VCS implemented smart camera surveillance that supports your staff.\" \/>\n<meta property=\"og:url\" content=\"https:\/\/www.vcsobservation.com\/en\/manufacturing\/\" \/>\n<meta property=\"og:site_name\" content=\"VCS\" \/>\n<meta property=\"article:modified_time\" content=\"2025-07-11T13:55:28+00:00\" \/>\n<meta property=\"og:image\" content=\"https:\/\/www.vcsobservation.com\/wp-content\/uploads\/2023\/10\/VCS-Camera-Maakindustrie-6-scaled-1.jpg\" \/>\n\t<meta property=\"og:image:width\" content=\"1100\" \/>\n\t<meta property=\"og:image:height\" content=\"733\" \/>\n\t<meta property=\"og:image:type\" content=\"image\/jpeg\" \/>\n<meta name=\"twitter:card\" content=\"summary_large_image\" \/>\n<meta name=\"twitter:label1\" content=\"Est. reading time\" \/>\n\t<meta name=\"twitter:data1\" content=\"6 minutes\" \/>\n<script type=\"application\/ld+json\" class=\"yoast-schema-graph\">{\"@context\":\"https:\\\/\\\/schema.org\",\"@graph\":[{\"@type\":\"WebPage\",\"@id\":\"https:\\\/\\\/www.vcsobservation.com\\\/en\\\/manufacturing\\\/\",\"url\":\"https:\\\/\\\/www.vcsobservation.com\\\/en\\\/manufacturing\\\/\",\"name\":\"Manufacturing - VCS\",\"isPartOf\":{\"@id\":\"https:\\\/\\\/www.vcsobservation.com\\\/#website\"},\"primaryImageOfPage\":{\"@id\":\"https:\\\/\\\/www.vcsobservation.com\\\/en\\\/manufacturing\\\/#primaryimage\"},\"image\":{\"@id\":\"https:\\\/\\\/www.vcsobservation.com\\\/en\\\/manufacturing\\\/#primaryimage\"},\"thumbnailUrl\":\"https:\\\/\\\/www.vcsobservation.com\\\/wp-content\\\/uploads\\\/2023\\\/10\\\/VCS-Camera-Maakindustrie-6-scaled-1.jpg\",\"datePublished\":\"2022-10-20T09:54:51+00:00\",\"dateModified\":\"2025-07-11T13:55:28+00:00\",\"description\":\"Reactive camera surveillance is not foolproof. VCS implemented smart camera surveillance that supports your staff.\",\"breadcrumb\":{\"@id\":\"https:\\\/\\\/www.vcsobservation.com\\\/en\\\/manufacturing\\\/#breadcrumb\"},\"inLanguage\":\"en-US\",\"potentialAction\":[{\"@type\":\"ReadAction\",\"target\":[\"https:\\\/\\\/www.vcsobservation.com\\\/en\\\/manufacturing\\\/\"]}]},{\"@type\":\"ImageObject\",\"inLanguage\":\"en-US\",\"@id\":\"https:\\\/\\\/www.vcsobservation.com\\\/en\\\/manufacturing\\\/#primaryimage\",\"url\":\"https:\\\/\\\/www.vcsobservation.com\\\/wp-content\\\/uploads\\\/2023\\\/10\\\/VCS-Camera-Maakindustrie-6-scaled-1.jpg\",\"contentUrl\":\"https:\\\/\\\/www.vcsobservation.com\\\/wp-content\\\/uploads\\\/2023\\\/10\\\/VCS-Camera-Maakindustrie-6-scaled-1.jpg\",\"width\":1100,\"height\":733,\"caption\":\"Camera surveillance in manufacturing industry\"},{\"@type\":\"BreadcrumbList\",\"@id\":\"https:\\\/\\\/www.vcsobservation.com\\\/en\\\/manufacturing\\\/#breadcrumb\",\"itemListElement\":[{\"@type\":\"ListItem\",\"position\":1,\"name\":\"Home\",\"item\":\"https:\\\/\\\/www.vcsobservation.com\\\/en\\\/\"},{\"@type\":\"ListItem\",\"position\":2,\"name\":\"Manufacturing\"}]},{\"@type\":\"WebSite\",\"@id\":\"https:\\\/\\\/www.vcsobservation.com\\\/#website\",\"url\":\"https:\\\/\\\/www.vcsobservation.com\\\/\",\"name\":\"VCS\",\"description\":\"Samen werken aan veiligheid\",\"potentialAction\":[{\"@type\":\"SearchAction\",\"target\":{\"@type\":\"EntryPoint\",\"urlTemplate\":\"https:\\\/\\\/www.vcsobservation.com\\\/?s={search_term_string}\"},\"query-input\":{\"@type\":\"PropertyValueSpecification\",\"valueRequired\":true,\"valueName\":\"search_term_string\"}}],\"inLanguage\":\"en-US\"}]}<\/script>\n<!-- \/ Yoast SEO plugin. -->","yoast_head_json":{"title":"Manufacturing - VCS","description":"Reactive camera surveillance is not foolproof. VCS implemented smart camera surveillance that supports your staff.","robots":{"index":"index","follow":"follow","max-snippet":"max-snippet:-1","max-image-preview":"max-image-preview:large","max-video-preview":"max-video-preview:-1"},"canonical":"https:\/\/www.vcsobservation.com\/en\/manufacturing\/","og_locale":"en_US","og_type":"article","og_title":"Manufacturing - VCS","og_description":"Reactive camera surveillance is not foolproof. VCS implemented smart camera surveillance that supports your staff.","og_url":"https:\/\/www.vcsobservation.com\/en\/manufacturing\/","og_site_name":"VCS","article_modified_time":"2025-07-11T13:55:28+00:00","og_image":[{"width":1100,"height":733,"url":"https:\/\/www.vcsobservation.com\/wp-content\/uploads\/2023\/10\/VCS-Camera-Maakindustrie-6-scaled-1.jpg","type":"image\/jpeg"}],"twitter_card":"summary_large_image","twitter_misc":{"Est. reading time":"6 minutes"},"schema":{"@context":"https:\/\/schema.org","@graph":[{"@type":"WebPage","@id":"https:\/\/www.vcsobservation.com\/en\/manufacturing\/","url":"https:\/\/www.vcsobservation.com\/en\/manufacturing\/","name":"Manufacturing - VCS","isPartOf":{"@id":"https:\/\/www.vcsobservation.com\/#website"},"primaryImageOfPage":{"@id":"https:\/\/www.vcsobservation.com\/en\/manufacturing\/#primaryimage"},"image":{"@id":"https:\/\/www.vcsobservation.com\/en\/manufacturing\/#primaryimage"},"thumbnailUrl":"https:\/\/www.vcsobservation.com\/wp-content\/uploads\/2023\/10\/VCS-Camera-Maakindustrie-6-scaled-1.jpg","datePublished":"2022-10-20T09:54:51+00:00","dateModified":"2025-07-11T13:55:28+00:00","description":"Reactive camera surveillance is not foolproof. VCS implemented smart camera surveillance that supports your staff.","breadcrumb":{"@id":"https:\/\/www.vcsobservation.com\/en\/manufacturing\/#breadcrumb"},"inLanguage":"en-US","potentialAction":[{"@type":"ReadAction","target":["https:\/\/www.vcsobservation.com\/en\/manufacturing\/"]}]},{"@type":"ImageObject","inLanguage":"en-US","@id":"https:\/\/www.vcsobservation.com\/en\/manufacturing\/#primaryimage","url":"https:\/\/www.vcsobservation.com\/wp-content\/uploads\/2023\/10\/VCS-Camera-Maakindustrie-6-scaled-1.jpg","contentUrl":"https:\/\/www.vcsobservation.com\/wp-content\/uploads\/2023\/10\/VCS-Camera-Maakindustrie-6-scaled-1.jpg","width":1100,"height":733,"caption":"Camera surveillance in manufacturing industry"},{"@type":"BreadcrumbList","@id":"https:\/\/www.vcsobservation.com\/en\/manufacturing\/#breadcrumb","itemListElement":[{"@type":"ListItem","position":1,"name":"Home","item":"https:\/\/www.vcsobservation.com\/en\/"},{"@type":"ListItem","position":2,"name":"Manufacturing"}]},{"@type":"WebSite","@id":"https:\/\/www.vcsobservation.com\/#website","url":"https:\/\/www.vcsobservation.com\/","name":"VCS","description":"Samen werken aan veiligheid","potentialAction":[{"@type":"SearchAction","target":{"@type":"EntryPoint","urlTemplate":"https:\/\/www.vcsobservation.com\/?s={search_term_string}"},"query-input":{"@type":"PropertyValueSpecification","valueRequired":true,"valueName":"search_term_string"}}],"inLanguage":"en-US"}]}},"_links":{"self":[{"href":"https:\/\/www.vcsobservation.com\/en\/wp-json\/wp\/v2\/pages\/18396","targetHints":{"allow":["GET"]}}],"collection":[{"href":"https:\/\/www.vcsobservation.com\/en\/wp-json\/wp\/v2\/pages"}],"about":[{"href":"https:\/\/www.vcsobservation.com\/en\/wp-json\/wp\/v2\/types\/page"}],"author":[{"embeddable":true,"href":"https:\/\/www.vcsobservation.com\/en\/wp-json\/wp\/v2\/users\/2"}],"replies":[{"embeddable":true,"href":"https:\/\/www.vcsobservation.com\/en\/wp-json\/wp\/v2\/comments?post=18396"}],"version-history":[{"count":27,"href":"https:\/\/www.vcsobservation.com\/en\/wp-json\/wp\/v2\/pages\/18396\/revisions"}],"predecessor-version":[{"id":22287,"href":"https:\/\/www.vcsobservation.com\/en\/wp-json\/wp\/v2\/pages\/18396\/revisions\/22287"}],"wp:featuredmedia":[{"embeddable":true,"href":"https:\/\/www.vcsobservation.com\/en\/wp-json\/wp\/v2\/media\/17949"}],"wp:attachment":[{"href":"https:\/\/www.vcsobservation.com\/en\/wp-json\/wp\/v2\/media?parent=18396"}],"curies":[{"name":"wp","href":"https:\/\/api.w.org\/{rel}","templated":true}]}}